{"id":1232,"date":"2021-10-12T09:51:32","date_gmt":"2021-10-12T07:51:32","guid":{"rendered":"http:\/\/neu.latuor.ch\/impressum\/"},"modified":"2021-10-12T09:51:33","modified_gmt":"2021-10-12T07:51:33","slug":"impressum","status":"publish","type":"page","link":"https:\/\/www.latuor.ch\/rm\/impressum\/","title":{"rendered":"Impressum"},"content":{"rendered":"\n<div class=\"animation\">\r\n<\/div>\n<h3 class=\"wp-block-heading\">Contact \/ infurmaziuns<\/h3>\n\n<p>Fundaziun La Tuor<br\/>Plattafuorma culturela pel Grischun dal S\u00fcd<br\/>Surtuor 12<br\/>CH-7503 Samedan<br\/><a href=\"mailto:info@latuor.ch\">info@latuor.ch<\/a><\/p>\n\n<h3 class=\"wp-block-heading\">Design e programmaziun<\/h3>\n\n<p>S\u00fcsskind SGD Chur<br\/>Comercialstrasse 19<br\/>CH-7000 Chur<br\/><a rel=\"noreferrer noopener\" href=\"http:\/\/www.suesskind.ch\/\" target=\"_blank\">www.suesskind.ch<\/a><\/p>\n\n<h3 class=\"wp-block-heading\">latuor.ch<\/h3>\n\n<p>Ils cuntgnieus da quista website vegnan s-chaffieus cun granda ch\u00fcra. La Fundaziun La Tuor nu surpiglia per\u00f2 \u00fcng\u00fcna garanzia per la correctezza, la cumplettezza e l\u2019actualited dals cuntgnieus preschantos. L\u2019 \u00fctiliseder surpiglia la respunsabilited  per l\u2019\u00fctilisaziun dals cuntgnieus da la website. Cuntribuziuns segnedas rapreschaintan las opiniuns da l\u2019auturA respectivA.<\/p>\n\n<h3 class=\"wp-block-heading\">Links<\/h3>\n\n<p>Websites colliedas suottastaun a la respunsabilited da l\u2019administradur correspundent. La Fundaziun La Tuor nun ho \u00fcng\u00fcn\u2019influenza s\u00fcls cuntgnieus actuels e futurs da las paginas colliedas e nun ho neir na lo \u00fcng\u00fcngs drets d\u2019autur.<\/p>\n\n<h3 class=\"wp-block-heading\">Copyright<\/h3>\n\n<p>Il copyright pels cuntgnieus publichos c\u00f2 es in possess da la Fundaziun La Tuor. Cuntgnieus u eir parts da cuntgnieus suos-chan gnir dos inavaunt be cull\u2019indicaziun da la funtauna minimela \u201clatuor.ch\u201d. La preschantaziun da quista website in frames esters es scumandeda.<\/p>\n\n \n\n<p><\/p>\n","protected":false},"excerpt":{"rendered":"<p>Contact \/ infurmaziuns Fundaziun La TuorPlattafuorma culturela pel Grischun dal S\u00fcdSurtuor 12CH-7503 Samedaninfo@latuor.ch Design e programmaziun S\u00fcsskind SGD ChurComercialstrasse 19CH-7000 Churwww.suesskind.ch latuor.ch Ils cuntgnieus da quista website vegnan s-chaffieus cun granda ch\u00fcra. La Fundaziun La Tuor nu surpiglia per\u00f2 \u00fcng\u00fcna garanzia per la correctezza, la cumplettezza e l\u2019actualited dals cuntgnieus preschantos. L\u2019 \u00fctiliseder surpiglia la [&hellip;]<\/p>\n","protected":false},"author":1,"featured_media":0,"parent":0,"menu_order":0,"comment_status":"closed","ping_status":"closed","template":"","meta":{"_acf_changed":false,"_seopress_robots_primary_cat":"","_seopress_titles_title":"Impressum - Fundaziun La Tuor","_seopress_titles_desc":"Contact\/infurmaziuns Fundaziun La Tuor \u2013 plattafuorma culturela pel Grischun dal S\u00fcd. Surtuor 12, CH-7503 Samedan, info@latuor.ch","_seopress_robots_index":"","inline_featured_image":false,"footnotes":""},"class_list":["post-1232","page","type-page","status-publish","hentry"],"acf":[],"_links":{"self":[{"href":"https:\/\/www.latuor.ch\/rm\/wp-json\/wp\/v2\/pages\/1232","targetHints":{"allow":["GET"]}}],"collection":[{"href":"https:\/\/www.latuor.ch\/rm\/wp-json\/wp\/v2\/pages"}],"about":[{"href":"https:\/\/www.latuor.ch\/rm\/wp-json\/wp\/v2\/types\/page"}],"author":[{"embeddable":true,"href":"https:\/\/www.latuor.ch\/rm\/wp-json\/wp\/v2\/users\/1"}],"replies":[{"embeddable":true,"href":"https:\/\/www.latuor.ch\/rm\/wp-json\/wp\/v2\/comments?post=1232"}],"version-history":[{"count":1,"href":"https:\/\/www.latuor.ch\/rm\/wp-json\/wp\/v2\/pages\/1232\/revisions"}],"predecessor-version":[{"id":1233,"href":"https:\/\/www.latuor.ch\/rm\/wp-json\/wp\/v2\/pages\/1232\/revisions\/1233"}],"wp:attachment":[{"href":"https:\/\/www.latuor.ch\/rm\/wp-json\/wp\/v2\/media?parent=1232"}],"curies":[{"name":"wp","href":"https:\/\/api.w.org\/{rel}","templated":true}]}}